{"id":104,"date":"2023-04-17T18:30:27","date_gmt":"2023-04-17T16:30:27","guid":{"rendered":"http:\/\/dahnsfr.cluster027.hosting.ovh.net\/?page_id=104"},"modified":"2023-12-11T12:21:27","modified_gmt":"2023-12-11T11:21:27","slug":"etre-rappele","status":"publish","type":"page","link":"https:\/\/wordpress-preprod.nuances-impression.com\/index.php\/etre-rappele\/","title":{"rendered":"\u00catre rappel\u00e9"},"content":{"rendered":"\n<div class=\"wp-block-group alignwide has-global-padding is-layout-constrained wp-container-core-group-is-layout-9bcb33e3 wp-block-group-is-layout-constrained\" style=\"padding-top:var(--wp--preset--spacing--70);padding-bottom:var(--wp--preset--spacing--70)\">\n<div class=\"wp-block-group alignwide has-global-padding is-layout-constrained wp-container-core-group-is-layout-cb7db7bf wp-block-group-is-layout-constrained\" style=\"padding-top:0;padding-right:0px;padding-bottom:var(--wp--preset--spacing--60);padding-left:0px\">\n<h1 class=\"wp-block-heading has-text-align-center has-large-plus-font-size lemmony-animation\" style=\"margin-top:0;line-height:1.3;--lemmony-animation-name:lemmonyFadeInUp\">Vous souhaitez nous faire part de vos projets ? <\/h1>\n\n\n\n<h5 class=\"wp-block-heading has-text-align-center has-small-font-size lemmony-animation\" style=\"line-height:1.6;--lemmony-animation-name:lemmonyFadeInUp;animation-duration:var(--lemmony-speed-slow);animation-delay:var(--lemmony-delay-xsmall)\">Contactez-nous !<\/h5>\n<\/div>\n\n\n\n<div class=\"wp-block-columns alignwide is-layout-flex wp-container-core-columns-is-layout-ceb339ea wp-block-columns-is-layout-flex\" style=\"padding-top:var(--wp--preset--spacing--60)\">\n<div class=\"wp-block-column is-layout-flow wp-block-column-is-layout-flow\">\n<div class=\"wp-block-columns is-layout-flex wp-container-core-columns-is-layout-28232c24 wp-block-columns-is-layout-flex\">\n<div class=\"wp-block-column is-layout-flow wp-block-column-is-layout-flow\" style=\"flex-basis:5%\"><\/div>\n\n\n\n<div class=\"wp-block-column is-layout-flow wp-block-column-is-layout-flow\">\n<div class=\"wp-block-group lemmony-fadein-bottom lemmony-delay-1 has-global-padding is-layout-constrained wp-container-core-group-is-layout-85ea6b59 wp-block-group-is-layout-constrained\" style=\"padding-top:0;padding-right:0;padding-bottom:0;padding-left:0\">\n<div class=\"wp-block-lemmony-companion-icon aligncenter lemmony-animation\" style=\"font-size:clamp(27.894px, 1.743rem + ((1vw - 3.2px) * 1.571), 48px);--lemmony-animation-name:lemmonyFadeInDown\"><div class=\"lemmony-icon-wrapper\"><svg xmlns=\"http:\/\/www.w3.org\/2000\/svg\" viewBox=\"0 0 32 32\" data-reactroot=\"\"><path d=\"M25.5,27.5h-19c-2.757,0-5-2.333-5-5.2V9.7c0-2.867,2.243-5.2,5-5.2h19c2.757,0,5,2.333,5,5.2v12.6 C30.5,25.167,28.257,27.5,25.5,27.5z M6.5,6.5c-1.654,0-3,1.436-3,3.2v12.6c0,1.765,1.346,3.2,3,3.2h19c1.654,0,3-1.436,3-3.2V9.7 c0-1.765-1.346-3.2-3-3.2H6.5z M16,20.7c-1.167,0-2.333-0.343-3.352-1.027l-5.96-4.015c-0.458-0.309-0.579-0.93-0.271-1.388 c0.309-0.458,0.929-0.579,1.388-0.271l5.96,4.015c1.357,0.912,3.112,0.912,4.469,0l5.961-4.015c0.456-0.308,1.08-0.187,1.388,0.271 c0.309,0.458,0.188,1.08-0.271,1.388l-5.961,4.014C18.334,20.358,17.167,20.7,16,20.7z\"><\/path><\/svg><\/div><\/div>\n\n\n\n<h2 class=\"wp-block-heading has-text-align-center has-medium-font-size\" style=\"font-style:normal;font-weight:700;line-height:1.4\">Laissez nous un message !<\/h2>\n\n\n\n<p class=\"has-text-align-center has-tiny-plus-font-size\">Vous avez une question ?<\/p>\n\n\n\n<p class=\"has-text-align-center has-small-font-size\" style=\"font-style:normal;font-weight:600;text-decoration:underline\"><a href=\"mailto:hello@brand.com\">contact@nuances-impression.fr<\/a><\/p>\n<\/div>\n<\/div>\n\n\n\n<div class=\"wp-block-column is-layout-flow wp-block-column-is-layout-flow\" style=\"flex-basis:5%\"><\/div>\n<\/div>\n<\/div>\n\n\n\n<div class=\"wp-block-column is-layout-flow wp-block-column-is-layout-flow\">\n<div class=\"wp-block-columns is-layout-flex wp-container-core-columns-is-layout-28232c24 wp-block-columns-is-layout-flex\">\n<div class=\"wp-block-column is-layout-flow wp-block-column-is-layout-flow\" style=\"flex-basis:5%\"><\/div>\n\n\n\n<div class=\"wp-block-column is-layout-flow wp-block-column-is-layout-flow\">\n<div class=\"wp-block-group lemmony-fadein-bottom lemmony-delay-1 has-global-padding is-layout-constrained wp-container-core-group-is-layout-85ea6b59 wp-block-group-is-layout-constrained\" style=\"padding-top:0;padding-right:0;padding-bottom:0;padding-left:0\">\n<div class=\"wp-block-lemmony-companion-icon aligncenter lemmony-animation\" style=\"font-size:clamp(27.894px, 1.743rem + ((1vw - 3.2px) * 1.571), 48px);--lemmony-animation-name:lemmonyFadeInDown;animation-delay:var(--lemmony-delay-small)\"><div class=\"lemmony-icon-wrapper\"><svg xmlns=\"http:\/\/www.w3.org\/2000\/svg\" viewBox=\"0 0 32 32\" data-reactroot=\"\"><path d=\"M23.328,30.498c-0.827,0-1.659-0.233-2.385-0.712c-3.759-2.282-7.294-5.062-10.476-8.244 c-3.176-3.176-5.959-6.713-8.272-10.513C1.084,9.341,1.321,7.038,2.778,5.581l2.803-2.803c1.701-1.7,4.466-1.7,6.166,0l2.803,2.803 c1.7,1.7,1.7,4.465,0,6.165l0,0c-0.712,0.713-0.746,1.848-0.075,2.584c0.505,0.556,1.027,1.103,1.564,1.64 c0.538,0.538,1.084,1.059,1.641,1.565c0.735,0.669,1.87,0.638,2.583-0.076c1.7-1.7,4.468-1.7,6.166,0l2.795,2.796 c0.823,0.823,1.277,1.918,1.277,3.082s-0.453,2.26-1.277,3.083l-2.803,2.803C25.58,30.063,24.457,30.498,23.328,30.498z M8.664,3.502c-0.604,0-1.209,0.23-1.669,0.69L4.192,6.995C3.403,7.784,3.274,9.03,3.885,9.959 c2.249,3.694,4.934,7.105,7.997,10.169c3.069,3.068,6.478,5.749,10.131,7.969c0.959,0.631,2.205,0.5,2.994-0.288l2.803-2.803 c0.446-0.446,0.691-1.039,0.691-1.669s-0.245-1.223-0.691-1.668l-2.795-2.796c-0.92-0.92-2.418-0.92-3.338,0 c-1.467,1.47-3.815,1.531-5.343,0.141c-0.58-0.526-1.149-1.069-1.709-1.63c-0.559-0.559-1.102-1.128-1.629-1.708 c-1.39-1.527-1.328-3.875,0.141-5.344l0,0c0.92-0.92,0.92-2.417,0-3.337l-2.803-2.803C9.873,3.732,9.268,3.502,8.664,3.502z\"><\/path><\/svg><\/div><\/div>\n\n\n\n<h2 class=\"wp-block-heading has-text-align-center has-medium-font-size\" style=\"font-style:normal;font-weight:700;line-height:1.4\">Appelez-nous !<\/h2>\n\n\n\n<p class=\"has-text-align-center has-tiny-plus-font-size\">Besoin de parler ? <\/p>\n\n\n\n<p class=\"has-text-align-center has-small-font-size\" style=\"font-style:normal;font-weight:600;text-decoration:underline\"><a href=\"tel:0180980020\">01 80 89 00 20<\/a><\/p>\n<\/div>\n<\/div>\n\n\n\n<div class=\"wp-block-column is-layout-flow wp-block-column-is-layout-flow\" style=\"flex-basis:5%\"><\/div>\n<\/div>\n<\/div>\n<\/div>\n<\/div>\n\n\n\n<p class=\"has-text-align-center\">Si vous souhaitez \u00eatre rappel\u00e9, laissez-nous vos coordonn\u00e9es ainsi qu&#8217;un cr\u00e9neau :<\/p>\n\n\n<div class=\"wpforms-container wpforms-container-full wpforms-block wpforms-block-b862c0a8-fe15-4244-9e71-c5eba7d7db37 wpforms-render-modern\" id=\"wpforms-108\"><form id=\"wpforms-form-108\" class=\"wpforms-validate wpforms-form wpforms-ajax-form\" data-formid=\"108\" method=\"post\" enctype=\"multipart\/form-data\" action=\"\/index.php\/wp-json\/wp\/v2\/pages\/104\" data-token=\"7af1d9e91d6f5634022f44a3da770895\" data-token-time=\"1778012396\"><noscript class=\"wpforms-error-noscript\">Please enable JavaScript in your browser to complete this form.<\/noscript><div id=\"wpforms-error-noscript\" style=\"display: none;\">Please enable JavaScript in your browser to complete this form.<\/div><div class=\"wpforms-field-container\"><div id=\"wpforms-108-field_0-container\" class=\"wpforms-field wpforms-field-name\" data-field-id=\"0\"><fieldset><legend class=\"wpforms-field-label\">Nom <span class=\"wpforms-required-label\" aria-hidden=\"true\">*<\/span><\/legend><div class=\"wpforms-field-row wpforms-field-medium\"><div class=\"wpforms-field-row-block wpforms-first wpforms-one-half\"><input type=\"text\" id=\"wpforms-108-field_0\" class=\"wpforms-field-name-first wpforms-field-required\" name=\"wpforms[fields][0][first]\" aria-errormessage=\"wpforms-108-field_0-error\" required><label for=\"wpforms-108-field_0\" class=\"wpforms-field-sublabel after\">First<\/label><\/div><div class=\"wpforms-field-row-block wpforms-one-half\"><input type=\"text\" id=\"wpforms-108-field_0-last\" class=\"wpforms-field-name-last wpforms-field-required\" name=\"wpforms[fields][0][last]\" aria-errormessage=\"wpforms-108-field_0-last-error\" required><label for=\"wpforms-108-field_0-last\" class=\"wpforms-field-sublabel after\">Last<\/label><\/div><\/div><\/fieldset><\/div><div id=\"wpforms-108-field_1-container\" class=\"wpforms-field wpforms-field-email\" data-field-id=\"1\"><label class=\"wpforms-field-label\" for=\"wpforms-108-field_1\">T\u00e9l\u00e9phone<\/label><input type=\"email\" id=\"wpforms-108-field_1\" class=\"wpforms-field-medium\" name=\"wpforms[fields][1]\" spellcheck=\"false\" aria-errormessage=\"wpforms-108-field_1-error\" ><\/div><div id=\"wpforms-108-field_4-container\" class=\"wpforms-field wpforms-field-textarea\" data-field-id=\"4\"><label class=\"wpforms-field-label\" for=\"wpforms-108-field_4\">Vos cr\u00e9neaux disponibles<\/label><textarea id=\"wpforms-108-field_4\" class=\"wpforms-field-medium\" name=\"wpforms[fields][4]\" aria-errormessage=\"wpforms-108-field_4-error\" ><\/textarea><\/div><\/div><!-- .wpforms-field-container --><div class=\"wpforms-recaptcha-container wpforms-is-recaptcha wpforms-is-recaptcha-type-invisible\" ><div class=\"g-recaptcha\" data-sitekey=\"6Lf00NUlAAAAAMIkBxOdRppZ9UG_h6m6z56KkFKw\" data-size=\"invisible\"><\/div><\/div><div class=\"wpforms-submit-container\" ><input type=\"hidden\" name=\"wpforms[id]\" value=\"108\"><input type=\"hidden\" name=\"page_title\" value=\"\"><input type=\"hidden\" name=\"page_url\" value=\"https:\/\/wordpress-preprod.nuances-impression.com\/index.php\/wp-json\/wp\/v2\/pages\/104\"><input type=\"hidden\" name=\"url_referer\" value=\"\"><button type=\"submit\" name=\"wpforms[submit]\" id=\"wpforms-submit-108\" class=\"wpforms-submit\" data-alt-text=\"Envoi...\" data-submit-text=\"Envoyer\" aria-live=\"assertive\" value=\"wpforms-submit\">Envoyer<\/button><img loading=\"lazy\" decoding=\"async\" src=\"https:\/\/wordpress-preprod.nuances-impression.com\/wp-content\/plugins\/wpforms-lite\/assets\/images\/submit-spin.svg\" class=\"wpforms-submit-spinner\" style=\"display: none;\" width=\"26\" height=\"26\" alt=\"Loading\"><\/div><\/form><\/div>  <!-- .wpforms-container -->","protected":false},"excerpt":{"rendered":"<p>Vous souhaitez nous faire part de vos projets ? Contactez-nous ! Laissez nous un message ! Vous avez une question ? contact@nuances-impression.fr Appelez-nous ! Besoin de parler ? 01 80 89 00 20 Si vous souhaitez \u00eatre rappel\u00e9, laissez-nous vos coordonn\u00e9es ainsi qu&#8217;un cr\u00e9neau :<\/p>\n","protected":false},"author":1,"featured_media":0,"parent":0,"menu_order":0,"comment_status":"closed","ping_status":"closed","template":"","meta":{"_vp_format_video_url":"","_vp_image_focal_point":[],"footnotes":""},"folder":[],"class_list":["post-104","page","type-page","status-publish","hentry"],"_links":{"self":[{"href":"https:\/\/wordpress-preprod.nuances-impression.com\/index.php\/wp-json\/wp\/v2\/pages\/104","targetHints":{"allow":["GET"]}}],"collection":[{"href":"https:\/\/wordpress-preprod.nuances-impression.com\/index.php\/wp-json\/wp\/v2\/pages"}],"about":[{"href":"https:\/\/wordpress-preprod.nuances-impression.com\/index.php\/wp-json\/wp\/v2\/types\/page"}],"author":[{"embeddable":true,"href":"https:\/\/wordpress-preprod.nuances-impression.com\/index.php\/wp-json\/wp\/v2\/users\/1"}],"replies":[{"embeddable":true,"href":"https:\/\/wordpress-preprod.nuances-impression.com\/index.php\/wp-json\/wp\/v2\/comments?post=104"}],"version-history":[{"count":10,"href":"https:\/\/wordpress-preprod.nuances-impression.com\/index.php\/wp-json\/wp\/v2\/pages\/104\/revisions"}],"predecessor-version":[{"id":1114,"href":"https:\/\/wordpress-preprod.nuances-impression.com\/index.php\/wp-json\/wp\/v2\/pages\/104\/revisions\/1114"}],"wp:attachment":[{"href":"https:\/\/wordpress-preprod.nuances-impression.com\/index.php\/wp-json\/wp\/v2\/media?parent=104"}],"wp:term":[{"taxonomy":"folder","embeddable":true,"href":"https:\/\/wordpress-preprod.nuances-impression.com\/index.php\/wp-json\/wp\/v2\/folder?post=104"}],"curies":[{"name":"wp","href":"https:\/\/api.w.org\/{rel}","templated":true}]}}