{"id":737,"date":"2023-05-15T10:26:48","date_gmt":"2023-05-15T08:26:48","guid":{"rendered":"https:\/\/wordpress-preprod.nuances-impression.com\/?page_id=737"},"modified":"2025-11-03T17:37:52","modified_gmt":"2025-11-03T16:37:52","slug":"expertise","status":"publish","type":"page","link":"https:\/\/wordpress-preprod.nuances-impression.com\/index.php\/expertise\/","title":{"rendered":"Expertise"},"content":{"rendered":"\n<div class=\"wp-block-group alignfull has-transparent-background-color has-background is-layout-flow wp-block-group-is-layout-flow\">\n<div class=\"wp-block-columns alignwide is-layout-flex wp-container-core-columns-is-layout-28f84493 wp-block-columns-is-layout-flex\">\n<div class=\"wp-block-column is-layout-flow wp-block-column-is-layout-flow\">\n<div style=\"height:100px\" aria-hidden=\"true\" class=\"wp-block-spacer\"><\/div>\n\n\n\n<h6 class=\"wp-block-heading has-text-color\" id=\"ecosystem\" style=\"color:#000000\"><\/h6>\n\n\n\n<p class=\"has-text-color lemmony-animation\" style=\"color:#000000;font-size:5vw;line-height:1.1;--lemmony-animation-name:lemmonyFadeInUp\"><strong>Signal\u00e9tique &amp; <\/strong><\/p>\n\n\n\n<p class=\"has-text-color lemmony-animation\" style=\"color:#000000;font-size:5vw;line-height:1.1;--lemmony-animation-name:lemmonyFadeInUp\"><strong>Enseigne<\/strong><\/p>\n\n\n\n<div style=\"height:5px\" aria-hidden=\"true\" class=\"wp-block-spacer\"><\/div>\n<\/div>\n<\/div>\n\n\n\n<div class=\"wp-block-columns alignwide is-layout-flex wp-container-core-columns-is-layout-28f84493 wp-block-columns-is-layout-flex\">\n<div class=\"wp-block-column is-vertically-aligned-top lemmony-animation is-layout-flow wp-block-column-is-layout-flow\" style=\"flex-basis:33.53%;--lemmony-animation-name:lemmonyFadeInUp\">\n<div style=\"height:28px\" aria-hidden=\"true\" class=\"wp-block-spacer\"><\/div>\n\n\n\n<p>La signal\u00e9tique est bien plus qu\u2019une simple orientation. Chez Nuances, nous en faisons un outil d\u2019image, de rep\u00e8re, de narration. De l\u2019\u00e9tude des flux \u00e0 la conception des supports directionnels, nous r\u00e9alisons des totems, plaques de porte, enseignes drapeaux ou lumineuses, en parfaite ad\u00e9quation avec l\u2019architecture du lieu et les attentes des usagers.<\/p>\n<\/div>\n\n\n\n<div class=\"wp-block-column is-layout-flow wp-block-column-is-layout-flow\" style=\"flex-basis:33.14%\">\n<figure class=\"wp-block-image size-large lemmony-animation\" style=\"--lemmony-animation-name:lemmonyFadeInRight\"><img loading=\"lazy\" decoding=\"async\" width=\"1024\" height=\"724\" src=\"https:\/\/wordpress-preprod.nuances-impression.com\/wp-content\/uploads\/2023\/05\/Piste-02-coul-2-1024x724.png\" alt=\"\" class=\"wp-image-778\" srcset=\"https:\/\/wordpress-preprod.nuances-impression.com\/wp-content\/uploads\/2023\/05\/Piste-02-coul-2-1024x724.png 1024w, https:\/\/wordpress-preprod.nuances-impression.com\/wp-content\/uploads\/2023\/05\/Piste-02-coul-2-300x212.png 300w, https:\/\/wordpress-preprod.nuances-impression.com\/wp-content\/uploads\/2023\/05\/Piste-02-coul-2-768x543.png 768w, https:\/\/wordpress-preprod.nuances-impression.com\/wp-content\/uploads\/2023\/05\/Piste-02-coul-2-1536x1086.png 1536w, https:\/\/wordpress-preprod.nuances-impression.com\/wp-content\/uploads\/2023\/05\/Piste-02-coul-2-2048x1448.png 2048w, https:\/\/wordpress-preprod.nuances-impression.com\/wp-content\/uploads\/2023\/05\/Piste-02-coul-2-500x353.png 500w, https:\/\/wordpress-preprod.nuances-impression.com\/wp-content\/uploads\/2023\/05\/Piste-02-coul-2-800x566.png 800w, https:\/\/wordpress-preprod.nuances-impression.com\/wp-content\/uploads\/2023\/05\/Piste-02-coul-2-1280x905.png 1280w, https:\/\/wordpress-preprod.nuances-impression.com\/wp-content\/uploads\/2023\/05\/Piste-02-coul-2-1920x1357.png 1920w\" sizes=\"auto, (max-width: 1024px) 100vw, 1024px\" \/><\/figure>\n\n\n\n<div style=\"height:100px\" aria-hidden=\"true\" class=\"wp-block-spacer\"><\/div>\n<\/div>\n\n\n\n<div class=\"wp-block-column is-layout-flow wp-block-column-is-layout-flow\" style=\"flex-basis:33.33%\">\n<figure class=\"wp-block-image size-large is-resized lemmony-animation\" style=\"--lemmony-animation-name:lemmonyFadeInRight\"><img loading=\"lazy\" decoding=\"async\" width=\"1024\" height=\"724\" src=\"https:\/\/wordpress-preprod.nuances-impression.com\/wp-content\/uploads\/2023\/05\/Piste-03-coul-2-1024x724.png\" alt=\"\" class=\"wp-image-777\" srcset=\"https:\/\/wordpress-preprod.nuances-impression.com\/wp-content\/uploads\/2023\/05\/Piste-03-coul-2-1024x724.png 1024w, https:\/\/wordpress-preprod.nuances-impression.com\/wp-content\/uploads\/2023\/05\/Piste-03-coul-2-300x212.png 300w, https:\/\/wordpress-preprod.nuances-impression.com\/wp-content\/uploads\/2023\/05\/Piste-03-coul-2-768x543.png 768w, https:\/\/wordpress-preprod.nuances-impression.com\/wp-content\/uploads\/2023\/05\/Piste-03-coul-2-1536x1086.png 1536w, https:\/\/wordpress-preprod.nuances-impression.com\/wp-content\/uploads\/2023\/05\/Piste-03-coul-2-2048x1448.png 2048w, https:\/\/wordpress-preprod.nuances-impression.com\/wp-content\/uploads\/2023\/05\/Piste-03-coul-2-500x353.png 500w, https:\/\/wordpress-preprod.nuances-impression.com\/wp-content\/uploads\/2023\/05\/Piste-03-coul-2-800x566.png 800w, https:\/\/wordpress-preprod.nuances-impression.com\/wp-content\/uploads\/2023\/05\/Piste-03-coul-2-1280x905.png 1280w, https:\/\/wordpress-preprod.nuances-impression.com\/wp-content\/uploads\/2023\/05\/Piste-03-coul-2-1920x1357.png 1920w\" sizes=\"auto, (max-width: 1024px) 100vw, 1024px\" \/><\/figure>\n<\/div>\n<\/div>\n\n\n\n<div style=\"height:55px\" aria-hidden=\"true\" class=\"wp-block-spacer\"><\/div>\n\n\n\n<p class=\"has-text-align-right has-text-color lemmony-animation\" style=\"color:#000000;font-size:5vw;line-height:1.1;--lemmony-animation-name:lemmonyFadeInUp\"><strong>Agencement &amp; <\/strong><\/p>\n\n\n\n<p class=\"has-text-align-right has-text-color lemmony-animation\" style=\"color:#000000;font-size:5vw;line-height:1.1;--lemmony-animation-name:lemmonyFadeInUp\"><strong>D\u00e9coration<\/strong><\/p>\n\n\n\n<div class=\"wp-block-columns alignwide is-layout-flex wp-container-core-columns-is-layout-28f84493 wp-block-columns-is-layout-flex\">\n<div class=\"wp-block-column is-layout-flow wp-block-column-is-layout-flow\" style=\"flex-basis:67%\">\n<div class=\"wp-block-group is-content-justification-center is-nowrap is-layout-flex wp-container-core-group-is-layout-76f55352 wp-block-group-is-layout-flex\">\n<figure class=\"wp-block-image alignright size-large is-resized lemmony-animation\" style=\"--lemmony-animation-name:lemmonyFadeInLeft\"><img loading=\"lazy\" decoding=\"async\" width=\"1024\" height=\"724\" src=\"https:\/\/wordpress-preprod.nuances-impression.com\/wp-content\/uploads\/2023\/05\/Croquis_Concept-Stand-1024x724.png\" alt=\"\" class=\"wp-image-765\" style=\"width:760px;height:auto\" srcset=\"https:\/\/wordpress-preprod.nuances-impression.com\/wp-content\/uploads\/2023\/05\/Croquis_Concept-Stand-1024x724.png 1024w, https:\/\/wordpress-preprod.nuances-impression.com\/wp-content\/uploads\/2023\/05\/Croquis_Concept-Stand-300x212.png 300w, https:\/\/wordpress-preprod.nuances-impression.com\/wp-content\/uploads\/2023\/05\/Croquis_Concept-Stand-768x543.png 768w, https:\/\/wordpress-preprod.nuances-impression.com\/wp-content\/uploads\/2023\/05\/Croquis_Concept-Stand-1536x1086.png 1536w, https:\/\/wordpress-preprod.nuances-impression.com\/wp-content\/uploads\/2023\/05\/Croquis_Concept-Stand-2048x1447.png 2048w, https:\/\/wordpress-preprod.nuances-impression.com\/wp-content\/uploads\/2023\/05\/Croquis_Concept-Stand-500x353.png 500w, https:\/\/wordpress-preprod.nuances-impression.com\/wp-content\/uploads\/2023\/05\/Croquis_Concept-Stand-800x565.png 800w, https:\/\/wordpress-preprod.nuances-impression.com\/wp-content\/uploads\/2023\/05\/Croquis_Concept-Stand-1280x905.png 1280w, https:\/\/wordpress-preprod.nuances-impression.com\/wp-content\/uploads\/2023\/05\/Croquis_Concept-Stand-1920x1357.png 1920w\" sizes=\"auto, (max-width: 1024px) 100vw, 1024px\" \/><\/figure>\n<\/div>\n<\/div>\n\n\n\n<div class=\"wp-block-column is-vertically-aligned-center lemmony-animation is-layout-flow wp-block-column-is-layout-flow\" style=\"flex-basis:33%;--lemmony-animation-name:lemmonyFadeInRight\">\n<p>Nous transformons vos espaces en supports de marque. Gr\u00e2ce \u00e0 des mat\u00e9riaux vari\u00e9s (textiles, vinyles, bois, composites), nous concevons et r\u00e9alisons des d\u00e9cors immersifs, des murs habill\u00e9s, des ambiances retail ou corporate, pour sublimer chaque m\u00e8tre carr\u00e9 selon votre identit\u00e9.<\/p>\n<\/div>\n<\/div>\n<\/div>\n\n\n\n<div class=\"wp-block-columns alignwide is-layout-flex wp-container-core-columns-is-layout-28f84493 wp-block-columns-is-layout-flex\">\n<div class=\"wp-block-column is-layout-flow wp-block-column-is-layout-flow\">\n<div style=\"height:100px\" aria-hidden=\"true\" class=\"wp-block-spacer\"><\/div>\n\n\n\n<h6 class=\"wp-block-heading has-text-color\" id=\"ecosystem\" style=\"color:#000000\"><\/h6>\n\n\n\n<p class=\"has-text-color lemmony-animation\" style=\"color:#000000;font-size:5vw;line-height:1.1;--lemmony-animation-name:lemmonyFadeInUp\"><strong>Impression Grand Format<\/strong><\/p>\n\n\n\n<div style=\"height:5px\" aria-hidden=\"true\" class=\"wp-block-spacer\"><\/div>\n<\/div>\n<\/div>\n\n\n\n<div class=\"wp-block-columns alignwide is-layout-flex wp-container-core-columns-is-layout-28f84493 wp-block-columns-is-layout-flex\">\n<div class=\"wp-block-column is-vertically-aligned-top lemmony-animation is-layout-flow wp-block-column-is-layout-flow\" style=\"flex-basis:33.53%;--lemmony-animation-name:lemmonyFadeInUp\">\n<div style=\"height:28px\" aria-hidden=\"true\" class=\"wp-block-spacer\"><\/div>\n\n\n\n<p>Nous produisons vos visuels XXL sur des supports rigides (dibond, PVC, alu) ou souples (b\u00e2che, textile tendu, papier). Notre parc machine (Arizona, Colorado) assure une qualit\u00e9 irr\u00e9prochable, quel que soit le format. Id\u00e9al pour l\u2019\u00e9v\u00e9nementiel, la PLV, les vitrines ou les expositions.<\/p>\n<\/div>\n\n\n\n<div class=\"wp-block-column is-layout-flow wp-block-column-is-layout-flow\" style=\"flex-basis:33.14%\">\n<figure class=\"wp-block-image size-large lemmony-animation\" style=\"--lemmony-animation-name:lemmonyFadeInRight\"><img loading=\"lazy\" decoding=\"async\" width=\"1024\" height=\"724\" src=\"https:\/\/wordpress-preprod.nuances-impression.com\/wp-content\/uploads\/2023\/05\/Piste-02-coul-2-1024x724.png\" alt=\"\" class=\"wp-image-778\" srcset=\"https:\/\/wordpress-preprod.nuances-impression.com\/wp-content\/uploads\/2023\/05\/Piste-02-coul-2-1024x724.png 1024w, https:\/\/wordpress-preprod.nuances-impression.com\/wp-content\/uploads\/2023\/05\/Piste-02-coul-2-300x212.png 300w, https:\/\/wordpress-preprod.nuances-impression.com\/wp-content\/uploads\/2023\/05\/Piste-02-coul-2-768x543.png 768w, https:\/\/wordpress-preprod.nuances-impression.com\/wp-content\/uploads\/2023\/05\/Piste-02-coul-2-1536x1086.png 1536w, https:\/\/wordpress-preprod.nuances-impression.com\/wp-content\/uploads\/2023\/05\/Piste-02-coul-2-2048x1448.png 2048w, https:\/\/wordpress-preprod.nuances-impression.com\/wp-content\/uploads\/2023\/05\/Piste-02-coul-2-500x353.png 500w, https:\/\/wordpress-preprod.nuances-impression.com\/wp-content\/uploads\/2023\/05\/Piste-02-coul-2-800x566.png 800w, https:\/\/wordpress-preprod.nuances-impression.com\/wp-content\/uploads\/2023\/05\/Piste-02-coul-2-1280x905.png 1280w, https:\/\/wordpress-preprod.nuances-impression.com\/wp-content\/uploads\/2023\/05\/Piste-02-coul-2-1920x1357.png 1920w\" sizes=\"auto, (max-width: 1024px) 100vw, 1024px\" \/><\/figure>\n\n\n\n<div style=\"height:100px\" aria-hidden=\"true\" class=\"wp-block-spacer\"><\/div>\n<\/div>\n\n\n\n<div class=\"wp-block-column is-layout-flow wp-block-column-is-layout-flow\" style=\"flex-basis:33.33%\">\n<figure class=\"wp-block-image size-large is-resized lemmony-animation\" style=\"--lemmony-animation-name:lemmonyFadeInRight\"><img loading=\"lazy\" decoding=\"async\" width=\"1024\" height=\"724\" src=\"https:\/\/wordpress-preprod.nuances-impression.com\/wp-content\/uploads\/2023\/05\/Piste-03-coul-2-1024x724.png\" alt=\"\" class=\"wp-image-777\" srcset=\"https:\/\/wordpress-preprod.nuances-impression.com\/wp-content\/uploads\/2023\/05\/Piste-03-coul-2-1024x724.png 1024w, https:\/\/wordpress-preprod.nuances-impression.com\/wp-content\/uploads\/2023\/05\/Piste-03-coul-2-300x212.png 300w, https:\/\/wordpress-preprod.nuances-impression.com\/wp-content\/uploads\/2023\/05\/Piste-03-coul-2-768x543.png 768w, https:\/\/wordpress-preprod.nuances-impression.com\/wp-content\/uploads\/2023\/05\/Piste-03-coul-2-1536x1086.png 1536w, https:\/\/wordpress-preprod.nuances-impression.com\/wp-content\/uploads\/2023\/05\/Piste-03-coul-2-2048x1448.png 2048w, https:\/\/wordpress-preprod.nuances-impression.com\/wp-content\/uploads\/2023\/05\/Piste-03-coul-2-500x353.png 500w, https:\/\/wordpress-preprod.nuances-impression.com\/wp-content\/uploads\/2023\/05\/Piste-03-coul-2-800x566.png 800w, https:\/\/wordpress-preprod.nuances-impression.com\/wp-content\/uploads\/2023\/05\/Piste-03-coul-2-1280x905.png 1280w, https:\/\/wordpress-preprod.nuances-impression.com\/wp-content\/uploads\/2023\/05\/Piste-03-coul-2-1920x1357.png 1920w\" sizes=\"auto, (max-width: 1024px) 100vw, 1024px\" \/><\/figure>\n<\/div>\n<\/div>\n\n\n\n<div class=\"wp-block-columns alignwide is-layout-flex wp-container-core-columns-is-layout-28f84493 wp-block-columns-is-layout-flex\">\n<div class=\"wp-block-column is-layout-flow wp-block-column-is-layout-flow\" style=\"flex-basis:67%\">\n<div class=\"wp-block-group is-content-justification-center is-nowrap is-layout-flex wp-container-core-group-is-layout-76f55352 wp-block-group-is-layout-flex\">\n<figure class=\"wp-block-image alignright size-large is-resized lemmony-animation\" style=\"--lemmony-animation-name:lemmonyFadeInLeft\"><img loading=\"lazy\" decoding=\"async\" width=\"1024\" height=\"724\" src=\"https:\/\/wordpress-preprod.nuances-impression.com\/wp-content\/uploads\/2023\/05\/Croquis_Concept-Stand-1024x724.png\" alt=\"\" class=\"wp-image-765\" style=\"width:760px;height:auto\" srcset=\"https:\/\/wordpress-preprod.nuances-impression.com\/wp-content\/uploads\/2023\/05\/Croquis_Concept-Stand-1024x724.png 1024w, https:\/\/wordpress-preprod.nuances-impression.com\/wp-content\/uploads\/2023\/05\/Croquis_Concept-Stand-300x212.png 300w, https:\/\/wordpress-preprod.nuances-impression.com\/wp-content\/uploads\/2023\/05\/Croquis_Concept-Stand-768x543.png 768w, https:\/\/wordpress-preprod.nuances-impression.com\/wp-content\/uploads\/2023\/05\/Croquis_Concept-Stand-1536x1086.png 1536w, https:\/\/wordpress-preprod.nuances-impression.com\/wp-content\/uploads\/2023\/05\/Croquis_Concept-Stand-2048x1447.png 2048w, https:\/\/wordpress-preprod.nuances-impression.com\/wp-content\/uploads\/2023\/05\/Croquis_Concept-Stand-500x353.png 500w, https:\/\/wordpress-preprod.nuances-impression.com\/wp-content\/uploads\/2023\/05\/Croquis_Concept-Stand-800x565.png 800w, https:\/\/wordpress-preprod.nuances-impression.com\/wp-content\/uploads\/2023\/05\/Croquis_Concept-Stand-1280x905.png 1280w, https:\/\/wordpress-preprod.nuances-impression.com\/wp-content\/uploads\/2023\/05\/Croquis_Concept-Stand-1920x1357.png 1920w\" sizes=\"auto, (max-width: 1024px) 100vw, 1024px\" \/><\/figure>\n<\/div>\n<\/div>\n\n\n\n<div class=\"wp-block-column is-vertically-aligned-center lemmony-animation is-layout-flow wp-block-column-is-layout-flow\" style=\"flex-basis:33%;--lemmony-animation-name:lemmonyFadeInRight\">\n<p>Nous transformons vos espaces en supports de marque. Gr\u00e2ce \u00e0 des mat\u00e9riaux vari\u00e9s (textiles, vinyles, bois, composites), nous concevons et r\u00e9alisons des d\u00e9cors immersifs, des murs habill\u00e9s, des ambiances retail ou corporate, pour sublimer chaque m\u00e8tre carr\u00e9 selon votre identit\u00e9.<\/p>\n<\/div>\n<\/div>\n\n\n\n<p><\/p>\n","protected":false},"excerpt":{"rendered":"<p>Signal\u00e9tique &amp; Enseigne La signal\u00e9tique est bien plus qu\u2019une simple orientation. Chez Nuances, nous en faisons un outil d\u2019image, de rep\u00e8re, de narration. De l\u2019\u00e9tude des flux \u00e0 la conception des supports directionnels, nous r\u00e9alisons des totems, plaques de porte, enseignes drapeaux ou lumineuses, en parfaite ad\u00e9quation avec l\u2019architecture du lieu et les attentes des [&hellip;]<\/p>\n","protected":false},"author":2,"featured_media":0,"parent":0,"menu_order":0,"comment_status":"closed","ping_status":"closed","template":"","meta":{"_vp_format_video_url":"","_vp_image_focal_point":[],"footnotes":""},"folder":[],"class_list":["post-737","page","type-page","status-publish","hentry"],"_links":{"self":[{"href":"https:\/\/wordpress-preprod.nuances-impression.com\/index.php\/wp-json\/wp\/v2\/pages\/737","targetHints":{"allow":["GET"]}}],"collection":[{"href":"https:\/\/wordpress-preprod.nuances-impression.com\/index.php\/wp-json\/wp\/v2\/pages"}],"about":[{"href":"https:\/\/wordpress-preprod.nuances-impression.com\/index.php\/wp-json\/wp\/v2\/types\/page"}],"author":[{"embeddable":true,"href":"https:\/\/wordpress-preprod.nuances-impression.com\/index.php\/wp-json\/wp\/v2\/users\/2"}],"replies":[{"embeddable":true,"href":"https:\/\/wordpress-preprod.nuances-impression.com\/index.php\/wp-json\/wp\/v2\/comments?post=737"}],"version-history":[{"count":25,"href":"https:\/\/wordpress-preprod.nuances-impression.com\/index.php\/wp-json\/wp\/v2\/pages\/737\/revisions"}],"predecessor-version":[{"id":1171,"href":"https:\/\/wordpress-preprod.nuances-impression.com\/index.php\/wp-json\/wp\/v2\/pages\/737\/revisions\/1171"}],"wp:attachment":[{"href":"https:\/\/wordpress-preprod.nuances-impression.com\/index.php\/wp-json\/wp\/v2\/media?parent=737"}],"wp:term":[{"taxonomy":"folder","embeddable":true,"href":"https:\/\/wordpress-preprod.nuances-impression.com\/index.php\/wp-json\/wp\/v2\/folder?post=737"}],"curies":[{"name":"wp","href":"https:\/\/api.w.org\/{rel}","templated":true}]}}